{"id":17,"date":"2025-10-12T02:13:59","date_gmt":"2025-10-12T02:13:59","guid":{"rendered":"https:\/\/sigmaegg.com\/?page_id=17"},"modified":"2025-10-12T02:13:59","modified_gmt":"2025-10-12T02:13:59","slug":"services","status":"publish","type":"page","link":"https:\/\/sigmaegg.com\/es\/services\/","title":{"rendered":"Services"},"content":{"rendered":"<div class=\"wp-block-uagb-container uagb-block-e5972208 alignfull uagb-is-root-container\"><div class=\"uagb-container-inner-blocks-wrap\">\n<div class=\"wp-block-uagb-advanced-heading uagb-block-b371cc12\"><p class=\"uagb-desc-text\">Nuestra Oferta<\/p><h1 class=\"uagb-heading-text\">Servicios de SEO y Marketing Digital Personalizado<\/h1><\/div>\n<\/div><\/div>\n\n\n\n<div class=\"wp-block-uagb-container uagb-block-edca4a69 alignfull uagb-is-root-container\"><div class=\"uagb-container-inner-blocks-wrap\">\n<div class=\"wp-block-uagb-container uagb-layout-grid uagb-block-53eeea40\">\n<div class=\"wp-block-uagb-container uagb-block-66ce8d2d\">\n<div class=\"wp-block-uagb-info-box uagb-block-68e6db93 uagb-infobox__content-wrap  uagb-infobox-icon-above-title uagb-infobox-image-valign-top\"><div class=\"uagb-ifb-content\"><div class=\"uagb-ifb-title-wrap\"><span class=\"uagb-ifb-title-prefix\">01.<\/span><h2 class=\"uagb-ifb-title\">Optimizaci\u00f3n SEO<\/h2><\/div><p class=\"uagb-ifb-desc\">Nuestra optimizaci\u00f3n SEO abarca an\u00e1lisis de keywords, optimizaci\u00f3n on-page y creaci\u00f3n de enlaces. Trabajamos para aumentar la autoridad de tu dominio y mejorar tu visibilidad en buscadores, asegurando que tu negocio sea encontrado por tus clientes potenciales.<\/p><\/div><\/div>\n<\/div>\n\n\n\n<div class=\"wp-block-uagb-image uagb-block-185affb3 wp-block-uagb-image--layout-default wp-block-uagb-image--effect-static wp-block-uagb-image--align-none\"><figure class=\"wp-block-uagb-image__figure\"><img loading=\"lazy\" decoding=\"async\" srcset=\"https:\/\/sigmaegg.com\/wp-content\/uploads\/2025\/10\/a-white-sign-with-plants-and-a-potted-plant-next-to-it-onzg-hrgknq.jpeg ,https:\/\/sigmaegg.com\/wp-content\/uploads\/2025\/10\/a-white-sign-with-plants-and-a-potted-plant-next-to-it-onzg-hrgknq.jpeg 780w, https:\/\/sigmaegg.com\/wp-content\/uploads\/2025\/10\/a-white-sign-with-plants-and-a-potted-plant-next-to-it-onzg-hrgknq.jpeg 360w\" sizes=\"auto, (max-width: 480px) 150px\" src=\"https:\/\/sigmaegg.com\/wp-content\/uploads\/2025\/10\/a-white-sign-with-plants-and-a-potted-plant-next-to-it-onzg-hrgknq.jpeg\" alt=\"Vibrant and nature-inspired office setting at an SEO agency, featuring large SEO letters prominently displayed on a modern desk. The letters are adorned with an abundance of lush green plants, creating a refreshing and natural atmosphere. The combination of digital focus and greenery brings a unique balance of productivity and tranquility to the workspace.\" class=\"uag-image-283\" width=\"600\" height=\"400\" title=\"services-01\" role=\"img\"\/><\/figure><\/div>\n<\/div>\n\n\n\n<div class=\"wp-block-uagb-container uagb-layout-grid uagb-block-b255260d\">\n<div class=\"wp-block-uagb-image uagb-block-b86a27d4 wp-block-uagb-image--layout-default wp-block-uagb-image--effect-static wp-block-uagb-image--align-none\"><figure class=\"wp-block-uagb-image__figure\"><img loading=\"lazy\" decoding=\"async\" srcset=\"https:\/\/sigmaegg.com\/wp-content\/uploads\/2025\/10\/people-working-in-the-office-7438096.jpeg ,https:\/\/sigmaegg.com\/wp-content\/uploads\/2025\/10\/people-working-in-the-office-7438096.jpeg 780w, https:\/\/sigmaegg.com\/wp-content\/uploads\/2025\/10\/people-working-in-the-office-7438096.jpeg 360w\" sizes=\"auto, (max-width: 480px) 150px\" src=\"https:\/\/sigmaegg.com\/wp-content\/uploads\/2025\/10\/people-working-in-the-office-7438096.jpeg\" alt=\"Team of diverse professionals collaborating in a modern office setting.\" class=\"uag-image-281\" width=\"600\" height=\"400\" title=\"services-02\" role=\"img\"\/><\/figure><\/div>\n\n\n\n<div class=\"wp-block-uagb-container uagb-block-06f958a5\">\n<div class=\"wp-block-uagb-info-box uagb-block-eda0d834 uagb-infobox__content-wrap  uagb-infobox-icon-above-title uagb-infobox-image-valign-top\"><div class=\"uagb-ifb-content\"><div class=\"uagb-ifb-title-wrap\"><span class=\"uagb-ifb-title-prefix\">02.<\/span><h2 class=\"uagb-ifb-title\">Marketing de Contenidos<\/h2><\/div><p class=\"uagb-ifb-desc\">Creamos contenido relevante y de calidad que atrae y retiene a tu p\u00fablico objetivo. Nuestro equipo de expertos en marketing de contenidos se enfoca en generar art\u00edculos, blogs y recursos que aumenten el engagement y refuercen la imagen de tu marca en l\u00ednea.<\/p><\/div><\/div>\n<\/div>\n<\/div>\n\n\n\n<div class=\"wp-block-uagb-container uagb-layout-grid uagb-block-13bfb87f\">\n<div class=\"wp-block-uagb-container uagb-block-698e6038\">\n<div class=\"wp-block-uagb-info-box uagb-block-54640af0 uagb-infobox__content-wrap  uagb-infobox-icon-above-title uagb-infobox-image-valign-top\"><div class=\"uagb-ifb-content\"><div class=\"uagb-ifb-title-wrap\"><span class=\"uagb-ifb-title-prefix\">03.<\/span><h2 class=\"uagb-ifb-title\">Gesti\u00f3n de Redes Sociales<\/h2><\/div><p class=\"uagb-ifb-desc\">Ofrecemos gesti\u00f3n integral de tus redes sociales, incluyendo creaci\u00f3n de contenido, estrategias de publicaci\u00f3n y an\u00e1lisis de m\u00e9tricas. Nuestro objetivo es conectar con tu audiencia, incrementar seguidores y fomentar la interacci\u00f3n para mejorar el reconocimiento de marca.<\/p><\/div><\/div>\n<\/div>\n\n\n\n<div class=\"wp-block-uagb-image uagb-block-945a1bf4 wp-block-uagb-image--layout-default wp-block-uagb-image--effect-static wp-block-uagb-image--align-none\"><figure class=\"wp-block-uagb-image__figure\"><img loading=\"lazy\" decoding=\"async\" srcset=\"https:\/\/sigmaegg.com\/wp-content\/uploads\/2025\/10\/people-in-the-office-discussing-a-project-7688336.jpeg ,https:\/\/sigmaegg.com\/wp-content\/uploads\/2025\/10\/people-in-the-office-discussing-a-project-7688336.jpeg 780w, https:\/\/sigmaegg.com\/wp-content\/uploads\/2025\/10\/people-in-the-office-discussing-a-project-7688336.jpeg 360w\" sizes=\"auto, (max-width: 480px) 150px\" src=\"https:\/\/sigmaegg.com\/wp-content\/uploads\/2025\/10\/people-in-the-office-discussing-a-project-7688336.jpeg\" alt=\"A diverse group working on marketing strategies with charts and laptops in an office setting.\" class=\"uag-image-280\" width=\"600\" height=\"400\" title=\"services-03\" role=\"img\"\/><\/figure><\/div>\n<\/div>\n\n\n\n<div class=\"wp-block-uagb-container uagb-layout-grid uagb-block-98083caf\">\n<div class=\"wp-block-uagb-image uagb-block-8b2a76cc wp-block-uagb-image--layout-default wp-block-uagb-image--effect-static wp-block-uagb-image--align-none\"><figure class=\"wp-block-uagb-image__figure\"><img loading=\"lazy\" decoding=\"async\" srcset=\"https:\/\/sigmaegg.com\/wp-content\/uploads\/2025\/10\/men-sitting-in-front-of-their-laptop-computer-mchsqhxgzrq.jpeg ,https:\/\/sigmaegg.com\/wp-content\/uploads\/2025\/10\/men-sitting-in-front-of-their-laptop-computer-mchsqhxgzrq.jpeg 780w, https:\/\/sigmaegg.com\/wp-content\/uploads\/2025\/10\/men-sitting-in-front-of-their-laptop-computer-mchsqhxgzrq.jpeg 360w\" sizes=\"auto, (max-width: 480px) 150px\" src=\"https:\/\/sigmaegg.com\/wp-content\/uploads\/2025\/10\/men-sitting-in-front-of-their-laptop-computer-mchsqhxgzrq.jpeg\" alt=\"Some of the Unsplash team working together.\" class=\"uag-image-282\" width=\"600\" height=\"400\" title=\"services-04\" role=\"img\"\/><\/figure><\/div>\n\n\n\n<div class=\"wp-block-uagb-container uagb-block-9627d3ce\">\n<div class=\"wp-block-uagb-info-box uagb-block-d2e51d04 uagb-infobox__content-wrap  uagb-infobox-icon-above-title uagb-infobox-image-valign-top\"><div class=\"uagb-ifb-content\"><div class=\"uagb-ifb-title-wrap\"><span class=\"uagb-ifb-title-prefix\">04.<\/span><h2 class=\"uagb-ifb-title\">Publicidad Digital<\/h2><\/div><p class=\"uagb-ifb-desc\">Dise\u00f1amos campa\u00f1as de publicidad digital efectivas que maximizan tu retorno de inversi\u00f3n. Desde Google Ads hasta anuncios en redes sociales, nuestra estrategia se basa en an\u00e1lisis y segmentaci\u00f3n para alcanzar al p\u00fablico adecuado y generar conversiones que impulsen tu negocio.<\/p><\/div><\/div>\n<\/div>\n<\/div>\n<\/div><\/div>\n\n\n\n<div class=\"wp-block-uagb-container uagb-block-353480fd alignfull uagb-is-root-container\"><div class=\"uagb-container-inner-blocks-wrap\">\n<div class=\"wp-block-uagb-info-box uagb-block-289af9f9 uagb-infobox__content-wrap  uagb-infobox-icon-above-title uagb-infobox-image-valign-top\"><div class=\"uagb-ifb-content\"><div class=\"uagb-ifb-title-wrap\"><h2 class=\"uagb-ifb-title\">\u00a1No esperes m\u00e1s, transforma tu negocio!<\/h2><\/div><p class=\"uagb-ifb-desc\">Cont\u00e1ctanos hoy y da el primer paso hacia el crecimiento digital.<\/p><div class=\"uagb-ifb-button-wrapper wp-block-button\"><a href=\"\/es\/contact\/\" class=\"uagb-infobox-cta-link wp-block-button__link\" target=\"_self\" rel=\"noopener noreferrer\" onclick=\"return true;\"><span class=\"uagb-inline-editing\">Cont\u00e1ctanos<\/span><\/a><\/div><\/div><\/div>\n<\/div><\/div>","protected":false},"excerpt":{"rendered":"<p>Nuestra Oferta Servicios de SEO y Marketing Digital Personalizado<\/p>","protected":false},"author":4,"featured_media":0,"parent":0,"menu_order":0,"comment_status":"closed","ping_status":"closed","template":"","meta":{"_uag_custom_page_level_css":"","site-sidebar-layout":"default","site-content-layout":"","ast-site-content-layout":"default","site-content-style":"default","site-sidebar-style":"default","ast-global-header-display":"","ast-banner-title-visibility":"","ast-main-header-display":"","ast-hfb-above-header-display":"","ast-hfb-below-header-display":"","ast-hfb-mobile-header-display":"","site-post-title":"disabled","ast-breadcrumbs-content":"","ast-featured-img":"","footer-sml-layout":"","ast-disable-related-posts":"","theme-transparent-header-meta":"","adv-header-id-meta":"","stick-header-meta":"","header-above-stick-meta":"","header-main-stick-meta":"","header-below-stick-meta":"","astra-migrate-meta-layouts":"default","ast-page-background-enabled":"default","ast-page-background-meta":{"desktop":{"background-color":"var(--ast-global-color-4)","background-image":"","background-repeat":"repeat","background-position":"center center","background-size":"auto","background-attachment":"scroll","background-type":"","background-media":"","overlay-type":"","overlay-color":"","overlay-opacity":"","overlay-gradient":""},"tablet":{"background-color":"","background-image":"","background-repeat":"repeat","background-position":"center center","background-size":"auto","background-attachment":"scroll","background-type":"","background-media":"","overlay-type":"","overlay-color":"","overlay-opacity":"","overlay-gradient":""},"mobile":{"background-color":"","background-image":"","background-repeat":"repeat","background-position":"center center","background-size":"auto","background-attachment":"scroll","background-type":"","background-media":"","overlay-type":"","overlay-color":"","overlay-opacity":"","overlay-gradient":""}},"ast-content-background-meta":{"desktop":{"background-color":"var(--ast-global-color-5)","background-image":"","background-repeat":"repeat","background-position":"center center","background-size":"auto","background-attachment":"scroll","background-type":"","background-media":"","overlay-type":"","overlay-color":"","overlay-opacity":"","overlay-gradient":""},"tablet":{"background-color":"var(--ast-global-color-5)","background-image":"","background-repeat":"repeat","background-position":"center center","background-size":"auto","background-attachment":"scroll","background-type":"","background-media":"","overlay-type":"","overlay-color":"","overlay-opacity":"","overlay-gradient":""},"mobile":{"background-color":"var(--ast-global-color-5)","background-image":"","background-repeat":"repeat","background-position":"center center","background-size":"auto","background-attachment":"scroll","background-type":"","background-media":"","overlay-type":"","overlay-color":"","overlay-opacity":"","overlay-gradient":""}},"footnotes":""},"class_list":["post-17","page","type-page","status-publish","hentry"],"_hostinger_reach_plugin_has_subscription_block":false,"_hostinger_reach_plugin_is_elementor":false,"uagb_featured_image_src":{"full":false,"thumbnail":false,"medium":false,"medium_large":false,"large":false,"1536x1536":false,"2048x2048":false,"trp-custom-language-flag":false},"uagb_author_info":{"display_name":"Santiago Garz\u00f3n","author_link":"https:\/\/sigmaegg.com\/es\/author\/ep832wuupfci\/"},"uagb_comment_info":0,"uagb_excerpt":"Nuestra Oferta Servicios de SEO y Marketing Digital Personalizado","_links":{"self":[{"href":"https:\/\/sigmaegg.com\/es\/wp-json\/wp\/v2\/pages\/17","targetHints":{"allow":["GET"]}}],"collection":[{"href":"https:\/\/sigmaegg.com\/es\/wp-json\/wp\/v2\/pages"}],"about":[{"href":"https:\/\/sigmaegg.com\/es\/wp-json\/wp\/v2\/types\/page"}],"author":[{"embeddable":true,"href":"https:\/\/sigmaegg.com\/es\/wp-json\/wp\/v2\/users\/4"}],"replies":[{"embeddable":true,"href":"https:\/\/sigmaegg.com\/es\/wp-json\/wp\/v2\/comments?post=17"}],"version-history":[{"count":2,"href":"https:\/\/sigmaegg.com\/es\/wp-json\/wp\/v2\/pages\/17\/revisions"}],"predecessor-version":[{"id":301,"href":"https:\/\/sigmaegg.com\/es\/wp-json\/wp\/v2\/pages\/17\/revisions\/301"}],"wp:attachment":[{"href":"https:\/\/sigmaegg.com\/es\/wp-json\/wp\/v2\/media?parent=17"}],"curies":[{"name":"wp","href":"https:\/\/api.w.org\/{rel}","templated":true}]}}